{"id":234,"date":"2024-01-12T00:27:43","date_gmt":"2024-01-11T23:27:43","guid":{"rendered":"https:\/\/siklaclimb.com\/?page_id=234"},"modified":"2024-01-15T13:36:22","modified_gmt":"2024-01-15T12:36:22","slug":"home","status":"publish","type":"page","link":"https:\/\/siklaclimb.com\/es\/","title":{"rendered":"Principal"},"content":{"rendered":"<div class=\"wp-block-cover alignfull is-light has-parallax\" style=\"padding-top:120px;padding-right:120px;padding-bottom:120px;padding-left:120px;min-height:379px;aspect-ratio:unset;\"><span aria-hidden=\"true\" class=\"wp-block-cover__background has-background-dim-10 has-background-dim\" style=\"background-color:#fefdfd\"><\/span><div role=\"img\" class=\"wp-block-cover__image-background wp-image-266 has-parallax\" style=\"background-position:50% 50%;background-image:url(https:\/\/siklaclimb.com\/wp-content\/uploads\/2024\/01\/homepagepic.jpg)\"><\/div><div class=\"wp-block-cover__inner-container is-layout-flow wp-block-cover-is-layout-flow\">\n<figure class=\"wp-block-image aligncenter size-full is-resized\"><img loading=\"lazy\" decoding=\"async\" width=\"237\" height=\"237\" src=\"https:\/\/siklaclimb.com\/wp-content\/uploads\/2024\/01\/8-edited.png\" alt=\"\" class=\"wp-image-392\" style=\"width:377px;height:auto\" srcset=\"https:\/\/siklaclimb.com\/wp-content\/uploads\/2024\/01\/8-edited.png 237w, https:\/\/siklaclimb.com\/wp-content\/uploads\/2024\/01\/8-edited-150x150.png 150w, https:\/\/siklaclimb.com\/wp-content\/uploads\/2024\/01\/8-edited-12x12.png 12w\" sizes=\"auto, (max-width: 237px) 100vw, 237px\" \/><\/figure>\n\n\n\n<div style=\"height:72px\" aria-hidden=\"true\" class=\"wp-block-spacer\"><\/div>\n\n\n\n<div class=\"wp-block-columns has-text-color has-link-color wp-elements-72b26ba2f7fcfd33a36810699b859d80 is-layout-flex wp-container-core-columns-is-layout-28f84493 wp-block-columns-is-layout-flex\" style=\"color:#fdf6ea;font-size:clamp(24.034px, 1.502rem + ((1vw - 3.2px) * 1.814), 40px);\">\n<div class=\"wp-block-column is-layout-flow wp-block-column-is-layout-flow\" style=\"border-style:none;border-width:0px\">\n<p class=\"has-text-align-center has-x-large-font-size\">DESCUBRE<\/p>\n<\/div>\n\n\n\n<div class=\"wp-block-column is-layout-flow wp-block-column-is-layout-flow\">\n<p class=\"has-text-align-center has-x-large-font-size\">CRECE<\/p>\n<\/div>\n\n\n\n<div class=\"wp-block-column is-layout-flow wp-block-column-is-layout-flow\">\n<p class=\"has-text-align-center has-x-large-font-size\">CONECTA<\/p>\n<\/div>\n\n\n\n<div class=\"wp-block-column is-layout-flow wp-block-column-is-layout-flow\">\n<p class=\"has-text-align-center has-x-large-font-size\">DISFRUTA<\/p>\n<\/div>\n<\/div>\n<\/div><\/div>\n\n\n\n<section class=\"wp-block-group alignfull has-global-padding is-layout-constrained wp-container-core-group-is-layout-7a7e04fb wp-block-group-is-layout-constrained\" style=\"margin-top:0px;margin-bottom:0px;padding-top:7.5%;padding-right:0rem;padding-bottom:0%;padding-left:0rem\">\n<div class=\"wp-block-columns alignwide has-text-color has-link-color wp-elements-612f8a035a2b3628106761fb9762ddbb is-layout-flex wp-container-core-columns-is-layout-b787fa0f wp-block-columns-is-layout-flex\" style=\"color:#737373;padding-right:0px;padding-left:0px\">\n<div class=\"wp-block-column is-vertically-aligned-center is-layout-flow wp-block-column-is-layout-flow\" style=\"flex-basis:20.5%\">\n<figure class=\"wp-block-image aligncenter size-full wp-duotone-0097b2-rgb253246234-1\"><img loading=\"lazy\" decoding=\"async\" width=\"720\" height=\"1018\" src=\"https:\/\/siklaclimb.com\/wp-content\/uploads\/2024\/01\/cintas-e1705153438585.jpg\" alt=\"\" class=\"wp-image-492\" style=\"aspect-ratio:3\/4;object-fit:cover\" srcset=\"https:\/\/siklaclimb.com\/wp-content\/uploads\/2024\/01\/cintas-e1705153438585.jpg 720w, https:\/\/siklaclimb.com\/wp-content\/uploads\/2024\/01\/cintas-e1705153438585-212x300.jpg 212w, https:\/\/siklaclimb.com\/wp-content\/uploads\/2024\/01\/cintas-e1705153438585-8x12.jpg 8w\" sizes=\"auto, (max-width: 720px) 100vw, 720px\" \/><\/figure>\n<\/div>\n\n\n\n<div class=\"wp-block-column is-layout-flow wp-block-column-is-layout-flow\" style=\"flex-basis:61%\">\n<h1 class=\"wp-block-heading has-text-align-center has-text-color has-link-color has-prata-regular-font-family has-x-large-font-size wp-elements-de516581e2a562a3c3e158d548759d77\" style=\"color:#737373;margin-top:2rem;font-style:normal;font-weight:500;line-height:1.0;text-transform:capitalize\">Tu lugar para<\/h1>\n\n\n\n<div class=\"wp-block-group is-vertical is-content-justification-center is-layout-flex wp-container-core-group-is-layout-81423f52 wp-block-group-is-layout-flex\">\n<h3 class=\"wp-block-heading has-text-align-center has-text-color has-link-color has-prata-regular-font-family has-x-large-font-size wp-elements-4e47b494b95387e0212be76593f8e717\" style=\"color:#737373;margin-bottom:80px;font-style:normal;font-weight:300;line-height:1.2;text-transform:capitalize\">Experiencias \u00fanicas de aventura en la naturaleza <\/h3>\n\n\n\n<div class=\"wp-block-group has-text-color has-link-color wp-elements-57f2d176dba2cecc3867683458229776 has-global-padding is-layout-constrained wp-container-core-group-is-layout-51cdf983 wp-block-group-is-layout-constrained\" style=\"color:#737373;padding-right:1rem;padding-left:1rem\">\n<div class=\"wp-block-columns is-layout-flex wp-container-core-columns-is-layout-28f84493 wp-block-columns-is-layout-flex\">\n<div class=\"wp-block-column is-layout-flow wp-block-column-is-layout-flow\" style=\"flex-basis:100%\">\n<div class=\"wp-block-columns is-layout-flex wp-container-core-columns-is-layout-28f84493 wp-block-columns-is-layout-flex\">\n<div class=\"wp-block-column is-layout-flow wp-block-column-is-layout-flow\" style=\"flex-basis:100%\">\n<div class=\"wp-block-columns is-layout-flex wp-container-core-columns-is-layout-28f84493 wp-block-columns-is-layout-flex\">\n<div class=\"wp-block-column is-layout-flow wp-block-column-is-layout-flow\" style=\"flex-basis:100%\">\n<div class=\"wp-block-columns is-layout-flex wp-container-core-columns-is-layout-686e267c wp-block-columns-is-layout-flex\" style=\"margin-bottom:0px\">\n<div class=\"wp-block-column has-global-padding is-layout-constrained wp-container-core-column-is-layout-92d29198 wp-block-column-is-layout-constrained\" style=\"padding-top:0px;padding-bottom:0px;padding-left:0rem\">\n<div class=\"wp-block-group has-text-color has-background is-vertical is-content-justification-center is-layout-flex wp-container-core-group-is-layout-54950a31 wp-block-group-is-layout-flex\" style=\"color:#010101;background-color:#fffffd;padding-top:1.01rem;padding-right:1.51rem;padding-bottom:1.01rem;padding-left:1.51rem\">\n<h3 class=\"wp-block-heading has-text-align-center has-text-color has-link-color wp-elements-a65a0f917d271eb170d09c4082dcb8c4\" style=\"color:#737373;font-size:clamp(0.99rem, 0.99rem + ((1vw - 0.2rem) * 0.945), 1.51rem);text-decoration:none;text-transform:uppercase\">CRECIMIENTO PERSONAL<\/h3>\n\n\n\n<figure class=\"wp-block-image aligncenter size-full is-resized\"><img loading=\"lazy\" decoding=\"async\" width=\"227\" height=\"249\" src=\"https:\/\/siklaclimb.com\/wp-content\/uploads\/2024\/01\/81OhTY-LogoMakr.png\" alt=\"\" class=\"wp-image-736\" style=\"width:80px;height:undefinedpx\" srcset=\"https:\/\/siklaclimb.com\/wp-content\/uploads\/2024\/01\/81OhTY-LogoMakr.png 227w, https:\/\/siklaclimb.com\/wp-content\/uploads\/2024\/01\/81OhTY-LogoMakr-11x12.png 11w\" sizes=\"auto, (max-width: 227px) 100vw, 227px\" \/><\/figure>\n\n\n\n<p class=\"has-text-align-center has-text-color\" style=\"color:#737373;margin-top:0rem;margin-bottom:1.01rem;font-size:clamp(14px, 0.875rem + ((1vw - 3.2px) * 0.455), 18px);line-height:1.5\">Ascensiones transformadoras que aumentan tu confianza y autoconciencia en cada escalada.<\/p>\n<\/div>\n<\/div>\n\n\n\n<div class=\"wp-block-column has-global-padding is-layout-constrained wp-container-core-column-is-layout-92d29198 wp-block-column-is-layout-constrained\" style=\"padding-top:0px;padding-bottom:0px;padding-left:0rem\">\n<div class=\"wp-block-group has-text-color has-background is-vertical is-content-justification-center is-layout-flex wp-container-core-group-is-layout-54950a31 wp-block-group-is-layout-flex\" style=\"color:#010101;background-color:#fffffd;padding-top:1.01rem;padding-right:1.51rem;padding-bottom:1.01rem;padding-left:1.51rem\">\n<h3 class=\"wp-block-heading has-text-align-center has-text-color has-link-color wp-elements-b626896201191935eb021954181284e5\" style=\"color:#737373;font-size:clamp(0.99rem, 0.99rem + ((1vw - 0.2rem) * 0.945), 1.51rem);text-decoration:none;text-transform:uppercase\">COMUNIDAD<\/h3>\n\n\n\n<figure class=\"wp-block-image size-full is-resized\"><img loading=\"lazy\" decoding=\"async\" width=\"250\" height=\"250\" src=\"https:\/\/siklaclimb.com\/wp-content\/uploads\/2024\/01\/72CHV6-LogoMakr.png\" alt=\"\" class=\"wp-image-739\" style=\"width:86px;height:auto\" srcset=\"https:\/\/siklaclimb.com\/wp-content\/uploads\/2024\/01\/72CHV6-LogoMakr.png 250w, https:\/\/siklaclimb.com\/wp-content\/uploads\/2024\/01\/72CHV6-LogoMakr-150x150.png 150w, https:\/\/siklaclimb.com\/wp-content\/uploads\/2024\/01\/72CHV6-LogoMakr-12x12.png 12w\" sizes=\"auto, (max-width: 250px) 100vw, 250px\" \/><\/figure>\n\n\n\n<p class=\"has-text-align-center has-text-color\" style=\"color:#737373;margin-top:0rem;margin-bottom:1.01rem;font-size:clamp(14px, 0.875rem + ((1vw - 3.2px) * 0.455), 18px);line-height:1.5\">\u00danete a una familia de escaladores donde el apoyo, la risa y los recuerdos compartidos siempre abundan.<\/p>\n<\/div>\n<\/div>\n\n\n\n<div class=\"wp-block-column has-global-padding is-layout-constrained wp-container-core-column-is-layout-92d29198 wp-block-column-is-layout-constrained\" style=\"padding-top:0px;padding-bottom:0px;padding-left:0rem\">\n<div class=\"wp-block-group has-text-color has-background is-vertical is-content-justification-center is-layout-flex wp-container-core-group-is-layout-54950a31 wp-block-group-is-layout-flex\" style=\"color:#010101;background-color:#fffffd;padding-top:1.01rem;padding-right:1.51rem;padding-bottom:1.01rem;padding-left:1.51rem\">\n<h3 class=\"wp-block-heading has-text-align-center has-text-color has-link-color wp-elements-788db7e204a94722e46ad34146b14c58\" style=\"color:#737373;font-size:clamp(0.99rem, 0.99rem + ((1vw - 0.2rem) * 0.945), 1.51rem);text-decoration:none;text-transform:uppercase\">AVENTURAS INCLUSIVAS<\/h3>\n\n\n\n<figure class=\"wp-block-image size-full is-resized\"><img loading=\"lazy\" decoding=\"async\" width=\"250\" height=\"210\" src=\"https:\/\/siklaclimb.com\/wp-content\/uploads\/2024\/01\/4Z4SMk-LogoMakr.png\" alt=\"\" class=\"wp-image-740\" style=\"width:96px;height:auto\" srcset=\"https:\/\/siklaclimb.com\/wp-content\/uploads\/2024\/01\/4Z4SMk-LogoMakr.png 250w, https:\/\/siklaclimb.com\/wp-content\/uploads\/2024\/01\/4Z4SMk-LogoMakr-14x12.png 14w\" sizes=\"auto, (max-width: 250px) 100vw, 250px\" \/><\/figure>\n\n\n\n<p class=\"has-text-align-center has-text-color\" style=\"color:#737373;margin-top:0rem;margin-bottom:1.01rem;font-size:clamp(14px, 0.875rem + ((1vw - 3.2px) * 0.455), 18px);line-height:1.5\">Cada escalada est\u00e1 dise\u00f1ada para participar y desafiar a todos, sin importar su punto de partida.<\/p>\n<\/div>\n<\/div>\n<\/div>\n<\/div>\n<\/div>\n<\/div>\n<\/div>\n<\/div>\n<\/div>\n<\/div>\n<\/div>\n<\/div>\n\n\n\n<div class=\"wp-block-column is-vertically-aligned-center is-layout-flow wp-block-column-is-layout-flow\" style=\"flex-basis:20.5%\">\n<figure class=\"wp-block-image aligncenter size-full wp-duotone-737373-0098b387-2\"><img loading=\"lazy\" decoding=\"async\" width=\"513\" height=\"410\" src=\"https:\/\/siklaclimb.com\/wp-content\/uploads\/2024\/01\/surpolombs-e1705154697400.jpg\" alt=\"\" class=\"wp-image-498\" style=\"aspect-ratio:0.75;object-fit:cover\" srcset=\"https:\/\/siklaclimb.com\/wp-content\/uploads\/2024\/01\/surpolombs-e1705154697400.jpg 513w, https:\/\/siklaclimb.com\/wp-content\/uploads\/2024\/01\/surpolombs-e1705154697400-300x240.jpg 300w, https:\/\/siklaclimb.com\/wp-content\/uploads\/2024\/01\/surpolombs-e1705154697400-15x12.jpg 15w\" sizes=\"auto, (max-width: 513px) 100vw, 513px\" \/><\/figure>\n<\/div>\n<\/div>\n<\/section>\n\n\n\n<div class=\"wp-block-group alignwide is-vertical is-layout-flex wp-container-core-group-is-layout-83e123af wp-block-group-is-layout-flex\" style=\"margin-top:0px;margin-bottom:0px;padding-top:60px;padding-bottom:90px\">\n<h1 class=\"wp-block-heading has-text-align-center has-text-color has-link-color has-prata-regular-font-family has-x-large-font-size wp-elements-5ead478288dfec789a892551c4ed6de0\" style=\"color:#737373;font-style:normal;font-weight:500;line-height:1.0;text-transform:none\">Entra en un mundo donde el monta\u00f1ismo y la escalada no son solo un deporte, sino un viaje de autodescubrimiento y comunidad.<\/h1>\n<\/div>\n\n\n\n<section class=\"wp-block-group alignfull has-text-color has-background has-global-padding is-layout-constrained wp-container-core-group-is-layout-23c68bad wp-block-group-is-layout-constrained\" style=\"color:#3e3e3e;background-color:#fef6ea;margin-top:0px;padding-top:3rem;padding-right:1rem;padding-bottom:3rem;padding-left:1rem;font-size:clamp(0.875rem, 0.875rem + ((1vw - 0.2rem) * 0.464), 1.13rem);font-style:normal;font-weight:400;line-height:1.4\">\n<div class=\"wp-block-columns is-layout-flex wp-container-core-columns-is-layout-28f84493 wp-block-columns-is-layout-flex\">\n<div class=\"wp-block-column is-layout-flow wp-block-column-is-layout-flow\" style=\"flex-basis:33%\">\n<div class=\"wp-block-group has-global-padding is-layout-constrained wp-block-group-is-layout-constrained\">\n<div class=\"wp-block-group has-border-color has-background has-global-padding is-layout-constrained wp-block-group-is-layout-constrained\" style=\"border-color:#fdf6ea;border-width:26px;background-color:#ffffff\">\n<div class=\"wp-block-cover is-light\" style=\"min-height:330px;aspect-ratio:unset;\"><span aria-hidden=\"true\" class=\"wp-block-cover__background has-background-dim-0 has-background-dim\"><\/span><img loading=\"lazy\" decoding=\"async\" width=\"2560\" height=\"1923\" class=\"wp-block-cover__image-background wp-image-272\" alt=\"\" src=\"https:\/\/siklaclimb.com\/wp-content\/uploads\/2024\/01\/carmeta-travesa-scaled.jpg\" data-object-fit=\"cover\" srcset=\"https:\/\/siklaclimb.com\/wp-content\/uploads\/2024\/01\/carmeta-travesa-scaled.jpg 2560w, https:\/\/siklaclimb.com\/wp-content\/uploads\/2024\/01\/carmeta-travesa-300x225.jpg 300w, https:\/\/siklaclimb.com\/wp-content\/uploads\/2024\/01\/carmeta-travesa-1024x769.jpg 1024w, https:\/\/siklaclimb.com\/wp-content\/uploads\/2024\/01\/carmeta-travesa-768x577.jpg 768w, https:\/\/siklaclimb.com\/wp-content\/uploads\/2024\/01\/carmeta-travesa-1536x1154.jpg 1536w, https:\/\/siklaclimb.com\/wp-content\/uploads\/2024\/01\/carmeta-travesa-2048x1538.jpg 2048w, https:\/\/siklaclimb.com\/wp-content\/uploads\/2024\/01\/carmeta-travesa-16x12.jpg 16w\" sizes=\"auto, (max-width: 2560px) 100vw, 2560px\" \/><div class=\"wp-block-cover__inner-container has-global-padding is-layout-constrained wp-block-cover-is-layout-constrained\">\n<div class=\"wp-block-buttons is-content-justification-center is-layout-flex wp-container-core-buttons-is-layout-a89b3969 wp-block-buttons-is-layout-flex\">\n<div class=\"wp-block-button has-custom-width wp-block-button__width-100 has-custom-font-size is-style-fill has-belleza-font-family\" style=\"font-size:clamp(0.929rem, 0.929rem + ((1vw - 0.2rem) * 0.856), 1.4rem);font-style:normal;font-weight:400;line-height:1.1;text-transform:uppercase\"><a class=\"wp-block-button__link has-text-color has-background wp-element-button\" href=\"https:\/\/siklaclimb.com\/es\/services\/\" style=\"border-radius:0px;color:#fdf6ea;background-color:#0098b394;padding-top:0.9rem;padding-right:1.5rem;padding-bottom:0.9rem;padding-left:1.5rem\">cursos de escalada<\/a><\/div>\n<\/div>\n<\/div><\/div>\n\n\n\n<p class=\"has-text-color has-link-color wp-elements-8376370753598bac4e10f9f3e4e0cc22\" style=\"color:#737373;padding-top:10px;padding-right:20px;padding-bottom:20px;padding-left:20px\">Aprende los fundamentos de la escalada, la seguridad y adquiere la confianza para ascender de manera aut\u00f3noma.<\/p>\n<\/div>\n<\/div>\n<\/div>\n\n\n\n<div class=\"wp-block-column is-layout-flow wp-block-column-is-layout-flow\" style=\"flex-basis:33%\">\n<div class=\"wp-block-group has-global-padding is-layout-constrained wp-block-group-is-layout-constrained\">\n<div class=\"wp-block-group has-border-color has-background has-global-padding is-layout-constrained wp-block-group-is-layout-constrained\" style=\"border-color:#fdf6ea;border-width:26px;background-color:#ffffff\">\n<div class=\"wp-block-cover is-light\" style=\"min-height:330px;aspect-ratio:unset;\"><span aria-hidden=\"true\" class=\"wp-block-cover__background has-background-dim-0 has-background-dim\"><\/span><img loading=\"lazy\" decoding=\"async\" width=\"900\" height=\"1400\" class=\"wp-block-cover__image-background wp-image-668\" alt=\"\" src=\"https:\/\/siklaclimb.com\/wp-content\/uploads\/2024\/01\/1705188536019-e1705188882838.jpg\" style=\"object-position:60% 26%\" data-object-fit=\"cover\" data-object-position=\"60% 26%\" srcset=\"https:\/\/siklaclimb.com\/wp-content\/uploads\/2024\/01\/1705188536019-e1705188882838.jpg 900w, https:\/\/siklaclimb.com\/wp-content\/uploads\/2024\/01\/1705188536019-e1705188882838-193x300.jpg 193w, https:\/\/siklaclimb.com\/wp-content\/uploads\/2024\/01\/1705188536019-e1705188882838-658x1024.jpg 658w, https:\/\/siklaclimb.com\/wp-content\/uploads\/2024\/01\/1705188536019-e1705188882838-768x1195.jpg 768w, https:\/\/siklaclimb.com\/wp-content\/uploads\/2024\/01\/1705188536019-e1705188882838-8x12.jpg 8w\" sizes=\"auto, (max-width: 900px) 100vw, 900px\" \/><div class=\"wp-block-cover__inner-container has-global-padding is-layout-constrained wp-block-cover-is-layout-constrained\">\n<div class=\"wp-block-buttons is-content-justification-center is-layout-flex wp-container-core-buttons-is-layout-a89b3969 wp-block-buttons-is-layout-flex\">\n<div class=\"wp-block-button has-custom-width wp-block-button__width-100 has-custom-font-size is-style-fill has-belleza-font-family\" style=\"font-size:clamp(0.929rem, 0.929rem + ((1vw - 0.2rem) * 0.856), 1.4rem);font-style:normal;font-weight:400;line-height:1.1;text-transform:uppercase\"><a class=\"wp-block-button__link has-text-color has-background wp-element-button\" href=\"https:\/\/siklaclimb.com\/es\/services\/\" style=\"border-radius:0px;color:#fdf6ea;background-color:#0098b394;padding-top:0.9rem;padding-right:1.5rem;padding-bottom:0.9rem;padding-left:1.5rem\">VIAJES TOP<\/a><\/div>\n<\/div>\n<\/div><\/div>\n\n\n\n<p class=\"has-text-align-left has-text-color has-link-color wp-elements-ed4e0effbaf4d0a4684a54ce65628955\" style=\"color:#737373;padding-top:10px;padding-right:20px;padding-bottom:20px;padding-left:20px\">\u00a1Explora los mejores sitios de escalada de Espa\u00f1a con nuestros viajes de escalada desde un d\u00eda a una semana!<\/p>\n<\/div>\n<\/div>\n<\/div>\n\n\n\n<div class=\"wp-block-column is-layout-flow wp-block-column-is-layout-flow\" style=\"flex-basis:33%\">\n<div class=\"wp-block-group has-global-padding is-layout-constrained wp-block-group-is-layout-constrained\">\n<div class=\"wp-block-group has-border-color has-background has-global-padding is-layout-constrained wp-block-group-is-layout-constrained\" style=\"border-color:#fdf6ea;border-width:26px;background-color:#ffffff\">\n<div class=\"wp-block-cover is-light\" style=\"min-height:330px;aspect-ratio:unset;\"><span aria-hidden=\"true\" class=\"wp-block-cover__background has-background-dim-0 has-background-dim\"><\/span><img loading=\"lazy\" decoding=\"async\" width=\"1600\" height=\"1196\" class=\"wp-block-cover__image-background wp-image-292\" alt=\"\" src=\"https:\/\/siklaclimb.com\/wp-content\/uploads\/2024\/01\/1704731821148.jpg\" data-object-fit=\"cover\" srcset=\"https:\/\/siklaclimb.com\/wp-content\/uploads\/2024\/01\/1704731821148.jpg 1600w, https:\/\/siklaclimb.com\/wp-content\/uploads\/2024\/01\/1704731821148-300x224.jpg 300w, https:\/\/siklaclimb.com\/wp-content\/uploads\/2024\/01\/1704731821148-1024x765.jpg 1024w, https:\/\/siklaclimb.com\/wp-content\/uploads\/2024\/01\/1704731821148-768x574.jpg 768w, https:\/\/siklaclimb.com\/wp-content\/uploads\/2024\/01\/1704731821148-1536x1148.jpg 1536w, https:\/\/siklaclimb.com\/wp-content\/uploads\/2024\/01\/1704731821148-16x12.jpg 16w\" sizes=\"auto, (max-width: 1600px) 100vw, 1600px\" \/><div class=\"wp-block-cover__inner-container has-global-padding is-layout-constrained wp-block-cover-is-layout-constrained\">\n<div class=\"wp-block-buttons is-content-justification-center is-layout-flex wp-container-core-buttons-is-layout-a89b3969 wp-block-buttons-is-layout-flex\">\n<div class=\"wp-block-button has-custom-width wp-block-button__width-100 has-custom-font-size is-style-fill has-belleza-font-family\" style=\"font-size:clamp(0.929rem, 0.929rem + ((1vw - 0.2rem) * 0.856), 1.4rem);font-style:normal;font-weight:400;line-height:1.1;text-transform:uppercase\"><a class=\"wp-block-button__link has-text-color has-background wp-element-button\" href=\"https:\/\/siklaclimb.com\/es\/services\/\" style=\"border-radius:0px;color:#fdf6ea;background-color:#0098b394;padding-top:0.9rem;padding-right:1.5rem;padding-bottom:0.9rem;padding-left:1.5rem\">AVENTURAS DE CRECER<\/a><\/div>\n<\/div>\n<\/div><\/div>\n\n\n\n<p class=\"has-text-align-left has-text-color has-link-color wp-elements-b489dfeedb3d079d91028fe921ec3894\" style=\"color:#737373;padding-top:10px;padding-right:20px;padding-bottom:20px;padding-left:20px\">Experiencias transformadoras a trav\u00e9s de programas de escalada terap\u00e9utica y educaci\u00f3n experiencial en la naturaleza.<\/p>\n<\/div>\n<\/div>\n<\/div>\n<\/div>\n<\/section>\n\n\n\n<div class=\"wp-block-cover alignfull has-parallax wp-duotone-unset-3\" style=\"padding-top:120px;padding-bottom:60px;min-height:554px;aspect-ratio:unset;\"><span aria-hidden=\"true\" class=\"wp-block-cover__background has-background-dim-60 has-background-dim\" style=\"background-color:#0097b2\"><\/span><div role=\"img\" class=\"wp-block-cover__image-background wp-image-363 has-parallax\" style=\"background-position:50% 50%;background-image:url(https:\/\/siklaclimb.com\/wp-content\/uploads\/2024\/01\/1704731820695.jpg)\"><\/div><div class=\"wp-block-cover__inner-container has-global-padding is-layout-constrained wp-block-cover-is-layout-constrained\">\n<div class=\"wp-block-group has-global-padding is-layout-constrained wp-container-core-group-is-layout-ebe15cfa wp-block-group-is-layout-constrained\">\n<div class=\"wp-block-group is-vertical is-content-justification-center is-layout-flex wp-container-core-group-is-layout-df5e5584 wp-block-group-is-layout-flex\" style=\"padding-top:0;padding-right:2.01rem;padding-bottom:0;padding-left:2.01rem\">\n<div class=\"wp-block-group has-background has-global-padding is-layout-constrained wp-container-core-group-is-layout-3a02abfb wp-block-group-is-layout-constrained\" style=\"border-radius:70px;background-color:#0098b300;padding-top:20px;padding-right:20px;padding-bottom:20px;padding-left:20px\">\n<h1 class=\"wp-block-heading has-text-align-center has-text-color has-link-color has-x-large-font-size wp-elements-36572636acfbd00525ab456e0703c273\" style=\"color:#fdf6ea;font-style:normal;font-weight:400;letter-spacing:5px;text-transform:uppercase\">\u00bfTe unes a la aventura?<\/h1>\n\n\n\n<p class=\"has-text-align-center has-text-color has-medium-font-size\" style=\"color:#fdf6ea;font-style:normal;font-weight:400\">\u00a1Con\u00e9ctate con nosotros y creamos tu pr\u00f3xima experiencia inolvidable en la monta\u00f1a hoy mismo!<\/p>\n<\/div>\n\n\n\n<div class=\"wp-block-buttons is-content-justification-center is-layout-flex wp-container-core-buttons-is-layout-f9602b72 wp-block-buttons-is-layout-flex\" style=\"margin-top:2.01rem;margin-bottom:2.01rem\">\n<div class=\"wp-block-button has-custom-font-size is-style-fill\" style=\"font-size:clamp(0.875rem, 0.875rem + ((1vw - 0.2rem) * 0.464), 1.13rem);font-style:normal;font-weight:300;letter-spacing:2px;text-transform:uppercase\"><a class=\"wp-block-button__link has-text-color has-background wp-element-button\" href=\"https:\/\/siklaclimb.com\/es\/contact\/\" style=\"border-radius:100px;color:#fdf6ea;background-color:#0097b2;padding-top:9px;padding-right:40px;padding-bottom:9px;padding-left:40px\"><strong>Contacto<\/strong><\/a><\/div>\n<\/div>\n<\/div>\n<\/div>\n<\/div><\/div>","protected":false},"excerpt":{"rendered":"<p>your place for Unique Nature Adventure Experiences Personal Growth Transformative climbs that boost your confidence and self-awareness with each ascent. Community Spirit Join a family of climbers where support, laughter, and shared memories are always in abundance. Inclusive Adventures Every climb is tailored to welcome and challenge everyone, regardless of their starting point. Enter into [&hellip;]<\/p>","protected":false},"author":2,"featured_media":0,"parent":0,"menu_order":0,"comment_status":"closed","ping_status":"closed","template":"","meta":{"footnotes":""},"class_list":["post-234","page","type-page","status-publish","hentry"],"_links":{"self":[{"href":"https:\/\/siklaclimb.com\/es\/wp-json\/wp\/v2\/pages\/234","targetHints":{"allow":["GET"]}}],"collection":[{"href":"https:\/\/siklaclimb.com\/es\/wp-json\/wp\/v2\/pages"}],"about":[{"href":"https:\/\/siklaclimb.com\/es\/wp-json\/wp\/v2\/types\/page"}],"author":[{"embeddable":true,"href":"https:\/\/siklaclimb.com\/es\/wp-json\/wp\/v2\/users\/2"}],"replies":[{"embeddable":true,"href":"https:\/\/siklaclimb.com\/es\/wp-json\/wp\/v2\/comments?post=234"}],"version-history":[{"count":19,"href":"https:\/\/siklaclimb.com\/es\/wp-json\/wp\/v2\/pages\/234\/revisions"}],"predecessor-version":[{"id":743,"href":"https:\/\/siklaclimb.com\/es\/wp-json\/wp\/v2\/pages\/234\/revisions\/743"}],"wp:attachment":[{"href":"https:\/\/siklaclimb.com\/es\/wp-json\/wp\/v2\/media?parent=234"}],"curies":[{"name":"wp","href":"https:\/\/api.w.org\/{rel}","templated":true}]}}