{"id":236,"date":"2024-01-12T00:27:53","date_gmt":"2024-01-11T23:27:53","guid":{"rendered":"https:\/\/siklaclimb.com\/?page_id=236"},"modified":"2024-01-15T12:54:34","modified_gmt":"2024-01-15T11:54:34","slug":"about","status":"publish","type":"page","link":"https:\/\/siklaclimb.com\/es\/about\/","title":{"rendered":"Sobre Sikla"},"content":{"rendered":"<div class=\"wp-block-cover alignfull has-parallax\" style=\"min-height:540px;aspect-ratio:unset;\"><span aria-hidden=\"true\" class=\"wp-block-cover__background has-background-dim-70 has-background-dim\" style=\"background-color:#0097b2\"><\/span><div role=\"img\" class=\"wp-block-cover__image-background wp-image-703 has-parallax\" style=\"background-position:50% 50%;background-image:url(https:\/\/siklaclimb.com\/wp-content\/uploads\/2024\/01\/rock-climbing-equipment-76881_1920.jpg)\"><\/div><div class=\"wp-block-cover__inner-container has-global-padding is-layout-constrained wp-container-core-cover-is-layout-4383d167 wp-block-cover-is-layout-constrained\">\n<figure class=\"wp-block-image aligncenter size-full is-resized\"><img loading=\"lazy\" decoding=\"async\" width=\"250\" height=\"200\" src=\"https:\/\/siklaclimb.com\/wp-content\/uploads\/2024\/01\/7-edited-e1705319389806.png\" alt=\"\" class=\"wp-image-425\" style=\"width:285px;height:auto\" srcset=\"https:\/\/siklaclimb.com\/wp-content\/uploads\/2024\/01\/7-edited-e1705319389806.png 250w, https:\/\/siklaclimb.com\/wp-content\/uploads\/2024\/01\/7-edited-e1705319389806-15x12.png 15w\" sizes=\"auto, (max-width: 250px) 100vw, 250px\" \/><\/figure>\n\n\n\n<div style=\"height:72px\" aria-hidden=\"true\" class=\"wp-block-spacer\"><\/div>\n\n\n\n<h2 class=\"wp-block-heading has-text-align-center has-text-color has-link-color has-x-large-font-size wp-elements-001c57db8ed6acf7279e8e04d4daeaf5\" style=\"color:#fdf6ea;font-style:normal;font-weight:400\">LA COCINA DE SIKLA<\/h2>\n<\/div><\/div>\n\n\n\n<div class=\"wp-block-group alignwide has-global-padding is-layout-constrained wp-container-core-group-is-layout-5916d806 wp-block-group-is-layout-constrained\" style=\"padding-top:5rem;padding-right:0;padding-bottom:5rem;padding-left:0\">\n<div class=\"wp-block-group alignwide has-global-padding is-layout-constrained wp-container-core-group-is-layout-e5fef67b wp-block-group-is-layout-constrained\" style=\"padding-top:5rem;padding-right:0;padding-bottom:5rem;padding-left:0\">\n<div class=\"wp-block-columns alignwide is-layout-flex wp-container-core-columns-is-layout-8bb48d01 wp-block-columns-is-layout-flex\" style=\"margin-right:0;margin-left:0;padding-right:0;padding-left:0\">\n<div class=\"wp-block-column is-layout-flow wp-block-column-is-layout-flow\" style=\"flex-basis:47%\">\n<figure class=\"wp-block-image size-full\"><img loading=\"lazy\" decoding=\"async\" width=\"1898\" height=\"2560\" src=\"https:\/\/siklaclimb.com\/wp-content\/uploads\/2024\/01\/1705193739439-scaled.jpg\" alt=\"\" class=\"wp-image-702\" srcset=\"https:\/\/siklaclimb.com\/wp-content\/uploads\/2024\/01\/1705193739439-scaled.jpg 1898w, https:\/\/siklaclimb.com\/wp-content\/uploads\/2024\/01\/1705193739439-222x300.jpg 222w, https:\/\/siklaclimb.com\/wp-content\/uploads\/2024\/01\/1705193739439-759x1024.jpg 759w, https:\/\/siklaclimb.com\/wp-content\/uploads\/2024\/01\/1705193739439-768x1036.jpg 768w, https:\/\/siklaclimb.com\/wp-content\/uploads\/2024\/01\/1705193739439-1139x1536.jpg 1139w, https:\/\/siklaclimb.com\/wp-content\/uploads\/2024\/01\/1705193739439-1518x2048.jpg 1518w, https:\/\/siklaclimb.com\/wp-content\/uploads\/2024\/01\/1705193739439-9x12.jpg 9w\" sizes=\"auto, (max-width: 1898px) 100vw, 1898px\" \/><\/figure>\n<\/div>\n\n\n\n<div class=\"wp-block-column is-layout-flow wp-block-column-is-layout-flow\" style=\"flex-basis:53%\">\n<div class=\"wp-block-group has-global-padding is-layout-constrained wp-container-core-group-is-layout-1b44fa98 wp-block-group-is-layout-constrained\" style=\"padding-top:2rem;padding-right:2.71rem;padding-bottom:0rem;padding-left:0\">\n<div class=\"wp-block-group has-global-padding is-layout-constrained wp-block-group-is-layout-constrained\" style=\"margin-bottom:60px\">\n<h2 class=\"wp-block-heading has-text-align-center has-text-color has-link-color has-prata-regular-font-family wp-elements-1394ea666bf7a1bafe564bdbb7271e50\" style=\"color:#737373;font-size:clamp(1.502rem, 1.502rem + ((1vw - 0.2rem) * 1.815), 2.5rem);font-style:normal;font-weight:400;text-transform:capitalize\">\u00a1Haliho!<\/h2>\n<\/div>\n\n\n\n<p class=\"has-text-color has-link-color wp-elements-1df120663ac8ed690f38218d6fa44522\" style=\"color:#737373\">Soy Dora, tu gu\u00eda de monta\u00f1a y escalada en roca con un coraz\u00f3n lleno de aventura. Desde Budapest hasta las monta\u00f1as de Montserrat en Catalu\u00f1a, he convertido mi amor por la naturaleza en un camino para que otros aprendan, se conecten y crezcan.<\/p>\n\n\n\n<p class=\"has-text-color has-link-color wp-elements-46d11ce0cff7069305eb61ed1b562ba7\" style=\"color:#737373\">Despu\u00e9s de apoyar a la sociedad civil en la lucha por la justicia y los derechos humanos durante diez a\u00f1os, di un paso m\u00e1s all\u00e1 del an\u00e1lisis hacia la acci\u00f3n, manteniendo al ser humano en el centro.<br>Como gu\u00eda de monta\u00f1a y escalada en roca, creo y acompa\u00f1o experiencias de aventura en la naturaleza para divertirnos, apoyar el crecimiento personal, parte de terapia y ayudar a equipos.<\/p>\n<\/div>\n<\/div>\n<\/div>\n\n\n\n<div class=\"wp-block-columns alignwide is-layout-flex wp-container-core-columns-is-layout-28f84493 wp-block-columns-is-layout-flex\">\n<div class=\"wp-block-column is-layout-flow wp-block-column-is-layout-flow\">\n<p class=\"has-text-color has-link-color has-medium-font-size wp-elements-41586b4b647ddf577796216cc84330bd\" style=\"color:#737373\">Cuando no estoy escalando, estoy cocinando, tomando una ca\u00f1a con amigos o bailando, \u00a1mejor a\u00fan todas estas cosas juntas! \n\u00a1Vente conmigo a alcanzar nuevas alturas mientras pasamos momentos \u00fanicos de nuestras vidas!<\/p>\n<\/div>\n\n\n\n<div class=\"wp-block-column is-layout-flow wp-block-column-is-layout-flow\">\n<figure class=\"wp-block-image size-full is-resized\"><img loading=\"lazy\" decoding=\"async\" width=\"290\" height=\"287\" src=\"https:\/\/siklaclimb.com\/wp-content\/uploads\/2024\/01\/heart-circle-e1705108487821.png\" alt=\"\" class=\"wp-image-406\" style=\"width:292px;height:auto\" srcset=\"https:\/\/siklaclimb.com\/wp-content\/uploads\/2024\/01\/heart-circle-e1705108487821.png 290w, https:\/\/siklaclimb.com\/wp-content\/uploads\/2024\/01\/heart-circle-e1705108487821-12x12.png 12w\" sizes=\"auto, (max-width: 290px) 100vw, 290px\" \/><\/figure>\n<\/div>\n<\/div>\n<\/div>\n<\/div>\n\n\n\n<div class=\"wp-block-cover alignfull has-parallax\" style=\"padding-top:120px;padding-bottom:60px;min-height:405px;aspect-ratio:unset;\"><span aria-hidden=\"true\" class=\"wp-block-cover__background has-background-dim-60 has-background-dim\" style=\"background-color:#0097b2\"><\/span><div role=\"img\" class=\"wp-block-cover__image-background wp-image-360 has-parallax\" style=\"background-position:50% 50%;background-image:url(https:\/\/siklaclimb.com\/wp-content\/uploads\/2024\/01\/1704731821282-1-scaled.jpg)\"><\/div><div class=\"wp-block-cover__inner-container has-global-padding is-layout-constrained wp-block-cover-is-layout-constrained\">\n<div class=\"wp-block-group has-global-padding is-layout-constrained wp-container-core-group-is-layout-ebe15cfa wp-block-group-is-layout-constrained\">\n<div class=\"wp-block-group is-vertical is-content-justification-center is-layout-flex wp-container-core-group-is-layout-df5e5584 wp-block-group-is-layout-flex\" style=\"padding-top:0;padding-right:2.01rem;padding-bottom:0;padding-left:2.01rem\">\n<div class=\"wp-block-group has-background has-global-padding is-layout-constrained wp-container-core-group-is-layout-3a02abfb wp-block-group-is-layout-constrained\" style=\"border-radius:70px;background-color:#0098b300;padding-top:20px;padding-right:20px;padding-bottom:20px;padding-left:20px\">\n<h1 class=\"wp-block-heading has-text-align-center has-text-color has-link-color wp-elements-ceff27a960957b775cf674f3e6738482\" style=\"color:#fdf6ea;font-size:clamp(1.837rem, 1.837rem + ((1vw - 0.2rem) * 2.478), 3.2rem);font-style:normal;font-weight:400;letter-spacing:5px;text-transform:uppercase\">\u00a1CONT\u00c1CTANOS!<\/h1>\n\n\n\n<p class=\"has-text-align-center has-text-color\" style=\"color:#fdf6ea;font-size:clamp(1.092rem, 1.092rem + ((1vw - 0.2rem) * 1.105), 1.7rem);font-style:normal;font-weight:400\">\u00a1Estamos para guiarte!<\/p>\n<\/div>\n\n\n\n<div class=\"wp-block-buttons is-content-justification-center is-layout-flex wp-container-core-buttons-is-layout-f9602b72 wp-block-buttons-is-layout-flex\" style=\"margin-top:2.01rem;margin-bottom:2.01rem\">\n<div class=\"wp-block-button has-custom-font-size is-style-fill\" style=\"font-size:clamp(0.875rem, 0.875rem + ((1vw - 0.2rem) * 0.464), 1.13rem);font-style:normal;font-weight:300;letter-spacing:2px;text-transform:uppercase\"><a class=\"wp-block-button__link has-text-color has-background wp-element-button\" href=\"https:\/\/siklaclimb.com\/es\/contact\/\" style=\"border-radius:100px;color:#fdf6ea;background-color:#0097b2;padding-top:9px;padding-right:40px;padding-bottom:9px;padding-left:40px\"><strong>\u00a1ESCALA!<\/strong><\/a><\/div>\n<\/div>\n<\/div>\n<\/div>\n<\/div><\/div>","protected":false},"excerpt":{"rendered":"<p>Haliho, I&#8217;m Dora, your mountain- and rock climbing guide with a heart for adventure and growth. From Budapest to Catalonia\u02bcs Montserrat mountains, I&#8217;ve turned my love for nature into a path for others to learn, connect, and thrive. After supporting civil society for justice and human rights for ten years, I took a step further [&hellip;]<\/p>","protected":false},"author":2,"featured_media":0,"parent":0,"menu_order":0,"comment_status":"closed","ping_status":"closed","template":"","meta":{"footnotes":""},"class_list":["post-236","page","type-page","status-publish","hentry"],"_links":{"self":[{"href":"https:\/\/siklaclimb.com\/es\/wp-json\/wp\/v2\/pages\/236","targetHints":{"allow":["GET"]}}],"collection":[{"href":"https:\/\/siklaclimb.com\/es\/wp-json\/wp\/v2\/pages"}],"about":[{"href":"https:\/\/siklaclimb.com\/es\/wp-json\/wp\/v2\/types\/page"}],"author":[{"embeddable":true,"href":"https:\/\/siklaclimb.com\/es\/wp-json\/wp\/v2\/users\/2"}],"replies":[{"embeddable":true,"href":"https:\/\/siklaclimb.com\/es\/wp-json\/wp\/v2\/comments?post=236"}],"version-history":[{"count":18,"href":"https:\/\/siklaclimb.com\/es\/wp-json\/wp\/v2\/pages\/236\/revisions"}],"predecessor-version":[{"id":733,"href":"https:\/\/siklaclimb.com\/es\/wp-json\/wp\/v2\/pages\/236\/revisions\/733"}],"wp:attachment":[{"href":"https:\/\/siklaclimb.com\/es\/wp-json\/wp\/v2\/media?parent=236"}],"curies":[{"name":"wp","href":"https:\/\/api.w.org\/{rel}","templated":true}]}}